{"id":882,"date":"2025-07-30T14:04:22","date_gmt":"2025-07-30T12:04:22","guid":{"rendered":"https:\/\/elsterrers.com\/contacto\/"},"modified":"2025-08-05T16:54:37","modified_gmt":"2025-08-05T14:54:37","slug":"contacto","status":"publish","type":"page","link":"https:\/\/elsterrers.com\/es\/contacto\/","title":{"rendered":"Contacto"},"content":{"rendered":"\t\t<div data-elementor-type=\"wp-page\" data-elementor-id=\"882\" class=\"elementor elementor-882 elementor-19\">\n\t\t\t\t<div class=\"elementor-element elementor-element-850e66d e-con-full e-flex e-con e-parent\" data-id=\"850e66d\" data-element_type=\"container\" data-e-type=\"container\">\n\t\t<div class=\"elementor-element elementor-element-69ddfd5f e-con-full e-flex e-con e-child\" data-id=\"69ddfd5f\" data-element_type=\"container\" data-e-type=\"container\">\n\t\t\t\t<div class=\"elementor-element elementor-element-6ea964a7 elementor-widget elementor-widget-heading\" data-id=\"6ea964a7\" data-element_type=\"widget\" data-e-type=\"widget\" data-settings=\"{&quot;_animation&quot;:&quot;none&quot;}\" data-widget_type=\"heading.default\">\n\t\t\t\t\t<div class=\"elementor-heading-title elementor-size-default\">Contacto y Ubicaci\u00f3n<\/div>\t\t\t\t<\/div>\n\t\t\t\t<div class=\"elementor-element elementor-element-6bbe2cd4 elementor-widget elementor-widget-heading\" data-id=\"6bbe2cd4\" data-element_type=\"widget\" data-e-type=\"widget\" data-widget_type=\"heading.default\">\n\t\t\t\t\t<h1 class=\"elementor-heading-title elementor-size-default\">Els Terrers<\/h1>\t\t\t\t<\/div>\n\t\t\t\t<div class=\"elementor-element elementor-element-1fa5f12f elementor-widget elementor-widget-heading\" data-id=\"1fa5f12f\" data-element_type=\"widget\" data-e-type=\"widget\" data-widget_type=\"heading.default\">\n\t\t\t\t\t<h2 class=\"elementor-heading-title elementor-size-default\">Castell\u00f3 d'Emp\u00faries, Girona<\/h2>\t\t\t\t<\/div>\n\t\t\t\t<div class=\"elementor-element elementor-element-b75c011 elementor-widget elementor-widget-text-editor\" data-id=\"b75c011\" data-element_type=\"widget\" data-e-type=\"widget\" data-widget_type=\"text-editor.default\">\n\t\t\t\t\t\t\t\t\t<p>\u00bfTu coche necesita una <strong>reparaci\u00f3n de carrocer\u00eda<\/strong>? \u00bfQuieres renovar <strong>la pintura del veh\u00edculo<\/strong> o has tenido un peque\u00f1o golpe? Sea cual sea el motivo, en Els Terrers estamos aqu\u00ed para ayudarte.  <\/p><p>Escr\u00edbenos, ll\u00e1manos o ven a vernos directamente al taller en Castell\u00f3 d&#8217;Emp\u00faries, Alt Empord\u00e0. Resolveremos tus dudas y te daremos un presupuesto claro y sin compromiso. <\/p>\t\t\t\t\t\t\t\t<\/div>\n\t\t\t\t<div class=\"elementor-element elementor-element-f8e6c68 elementor-view-stacked elementor-position-inline-start elementor-shape-circle elementor-mobile-position-block-start elementor-widget elementor-widget-icon-box\" data-id=\"f8e6c68\" data-element_type=\"widget\" data-e-type=\"widget\" data-widget_type=\"icon-box.default\">\n\t\t\t\t\t\t\t<div class=\"elementor-icon-box-wrapper\">\n\n\t\t\t\t\t\t<div class=\"elementor-icon-box-icon\">\n\t\t\t\t<a href=\"#\" class=\"elementor-icon\" tabindex=\"-1\" aria-label=\"C. Forti\u00e0, 4 (Urb. Els Terrers)\">\n\t\t\t\t<svg aria-hidden=\"true\" class=\"e-font-icon-svg e-fas-map-marker\" viewBox=\"0 0 384 512\" xmlns=\"http:\/\/www.w3.org\/2000\/svg\"><path d=\"M172.268 501.67C26.97 291.031 0 269.413 0 192 0 85.961 85.961 0 192 0s192 85.961 192 192c0 77.413-26.97 99.031-172.268 309.67-9.535 13.774-29.93 13.773-39.464 0z\"><\/path><\/svg>\t\t\t\t<\/a>\n\t\t\t<\/div>\n\t\t\t\n\t\t\t\t\t\t<div class=\"elementor-icon-box-content\">\n\n\t\t\t\t\t\t\t\t\t<h3 class=\"elementor-icon-box-title\">\n\t\t\t\t\t\t<a href=\"#\" >\n\t\t\t\t\t\t\tC. Forti\u00e0, 4 (Urb. Els Terrers)\t\t\t\t\t\t<\/a>\n\t\t\t\t\t<\/h3>\n\t\t\t\t\n\t\t\t\t\n\t\t\t<\/div>\n\t\t\t\n\t\t<\/div>\n\t\t\t\t\t\t<\/div>\n\t\t\t\t<div class=\"elementor-element elementor-element-08f7144 elementor-view-stacked elementor-position-inline-start elementor-shape-circle elementor-mobile-position-block-start elementor-widget elementor-widget-icon-box\" data-id=\"08f7144\" data-element_type=\"widget\" data-e-type=\"widget\" data-widget_type=\"icon-box.default\">\n\t\t\t\t\t\t\t<div class=\"elementor-icon-box-wrapper\">\n\n\t\t\t\t\t\t<div class=\"elementor-icon-box-icon\">\n\t\t\t\t<a href=\"tel:0034972250354\" class=\"elementor-icon\" tabindex=\"-1\" aria-label=\"+34 972 250 354  \">\n\t\t\t\t<svg aria-hidden=\"true\" class=\"e-font-icon-svg e-fas-phone\" viewBox=\"0 0 512 512\" xmlns=\"http:\/\/www.w3.org\/2000\/svg\"><path d=\"M493.4 24.6l-104-24c-11.3-2.6-22.9 3.3-27.5 13.9l-48 112c-4.2 9.8-1.4 21.3 6.9 28l60.6 49.6c-36 76.7-98.9 140.5-177.2 177.2l-49.6-60.6c-6.8-8.3-18.2-11.1-28-6.9l-112 48C3.9 366.5-2 378.1.6 389.4l24 104C27.1 504.2 36.7 512 48 512c256.1 0 464-207.5 464-464 0-11.2-7.7-20.9-18.6-23.4z\"><\/path><\/svg>\t\t\t\t<\/a>\n\t\t\t<\/div>\n\t\t\t\n\t\t\t\t\t\t<div class=\"elementor-icon-box-content\">\n\n\t\t\t\t\t\t\t\t\t<h3 class=\"elementor-icon-box-title\">\n\t\t\t\t\t\t<a href=\"tel:0034972250354\" >\n\t\t\t\t\t\t\t+34 972 250 354  \t\t\t\t\t\t<\/a>\n\t\t\t\t\t<\/h3>\n\t\t\t\t\n\t\t\t\t\n\t\t\t<\/div>\n\t\t\t\n\t\t<\/div>\n\t\t\t\t\t\t<\/div>\n\t\t\t\t<div class=\"elementor-element elementor-element-9edf313 elementor-view-stacked elementor-position-inline-start elementor-shape-circle elementor-mobile-position-block-start elementor-widget elementor-widget-icon-box\" data-id=\"9edf313\" data-element_type=\"widget\" data-e-type=\"widget\" data-widget_type=\"icon-box.default\">\n\t\t\t\t\t\t\t<div class=\"elementor-icon-box-wrapper\">\n\n\t\t\t\t\t\t<div class=\"elementor-icon-box-icon\">\n\t\t\t\t<a href=\"mailto:info@elsterrers.com\" class=\"elementor-icon\" tabindex=\"-1\" aria-label=\"info@elsterrers.com\">\n\t\t\t\t<svg aria-hidden=\"true\" class=\"e-font-icon-svg e-fas-envelope\" viewBox=\"0 0 512 512\" xmlns=\"http:\/\/www.w3.org\/2000\/svg\"><path d=\"M502.3 190.8c3.9-3.1 9.7-.2 9.7 4.7V400c0 26.5-21.5 48-48 48H48c-26.5 0-48-21.5-48-48V195.6c0-5 5.7-7.8 9.7-4.7 22.4 17.4 52.1 39.5 154.1 113.6 21.1 15.4 56.7 47.8 92.2 47.6 35.7.3 72-32.8 92.3-47.6 102-74.1 131.6-96.3 154-113.7zM256 320c23.2.4 56.6-29.2 73.4-41.4 132.7-96.3 142.8-104.7 173.4-128.7 5.8-4.5 9.2-11.5 9.2-18.9v-19c0-26.5-21.5-48-48-48H48C21.5 64 0 85.5 0 112v19c0 7.4 3.4 14.3 9.2 18.9 30.6 23.9 40.7 32.4 173.4 128.7 16.8 12.2 50.2 41.8 73.4 41.4z\"><\/path><\/svg>\t\t\t\t<\/a>\n\t\t\t<\/div>\n\t\t\t\n\t\t\t\t\t\t<div class=\"elementor-icon-box-content\">\n\n\t\t\t\t\t\t\t\t\t<h3 class=\"elementor-icon-box-title\">\n\t\t\t\t\t\t<a href=\"mailto:info@elsterrers.com\" >\n\t\t\t\t\t\t\tinfo@elsterrers.com\t\t\t\t\t\t<\/a>\n\t\t\t\t\t<\/h3>\n\t\t\t\t\n\t\t\t\t\n\t\t\t<\/div>\n\t\t\t\n\t\t<\/div>\n\t\t\t\t\t\t<\/div>\n\t\t\t\t<\/div>\n\t\t<div class=\"elementor-element elementor-element-29067ee5 e-con-full e-flex e-con e-child\" data-id=\"29067ee5\" data-element_type=\"container\" data-e-type=\"container\" data-settings=\"{&quot;background_background&quot;:&quot;classic&quot;}\">\n\t\t<div class=\"elementor-element elementor-element-ef07703 e-con-full e-flex e-con e-child\" data-id=\"ef07703\" data-element_type=\"container\" data-e-type=\"container\" data-settings=\"{&quot;background_background&quot;:&quot;classic&quot;}\">\n\t\t\t\t<div class=\"elementor-element elementor-element-779b9ec elementor-widget elementor-widget-shortcode\" data-id=\"779b9ec\" data-element_type=\"widget\" data-e-type=\"widget\" data-widget_type=\"shortcode.default\">\n\t\t\t\t\t\t\t<div class=\"elementor-shortcode\">\n<div class=\"wpcf7 no-js\" id=\"wpcf7-f905-o1\" lang=\"ca\" dir=\"ltr\" data-wpcf7-id=\"905\">\n<div class=\"screen-reader-response\"><p role=\"status\" aria-live=\"polite\" aria-atomic=\"true\"><\/p> <ul><\/ul><\/div>\n<form action=\"\/es\/wp-json\/wp\/v2\/pages\/882#wpcf7-f905-o1\" method=\"post\" class=\"wpcf7-form init\" aria-label=\"Formulari de contacte\" novalidate=\"novalidate\" data-status=\"init\">\n<fieldset class=\"hidden-fields-container\"><input type=\"hidden\" name=\"_wpcf7\" value=\"905\" \/><input type=\"hidden\" name=\"_wpcf7_version\" value=\"6.1.5\" \/><input type=\"hidden\" name=\"_wpcf7_locale\" value=\"ca\" \/><input type=\"hidden\" name=\"_wpcf7_unit_tag\" value=\"wpcf7-f905-o1\" \/><input type=\"hidden\" name=\"_wpcf7_container_post\" value=\"0\" \/><input type=\"hidden\" name=\"_wpcf7_posted_data_hash\" value=\"\" \/>\n<\/fieldset>\n<p><label> Tu nombre*<br \/>\n<span class=\"wpcf7-form-control-wrap\" data-name=\"your-name\"><input size=\"40\" maxlength=\"400\" class=\"wpcf7-form-control wpcf7-text wpcf7-validates-as-required required\" autocomplete=\"name\" aria-required=\"true\" aria-invalid=\"false\" value=\"\" type=\"text\" name=\"your-name\" \/><\/span> <\/label>\n<\/p>\n<p><label> Email*<br \/>\n<span class=\"wpcf7-form-control-wrap\" data-name=\"your-email\"><input size=\"40\" maxlength=\"400\" class=\"wpcf7-form-control wpcf7-email wpcf7-validates-as-required wpcf7-text wpcf7-validates-as-email required\" autocomplete=\"email\" aria-required=\"true\" aria-invalid=\"false\" value=\"\" type=\"email\" name=\"your-email\" \/><\/span> <\/label>\n<\/p>\n<p><label> Tel\u00e9fono* <span class=\"wpcf7-form-control-wrap\" data-name=\"your-phone\"><input size=\"40\" maxlength=\"400\" class=\"wpcf7-form-control wpcf7-tel wpcf7-validates-as-required wpcf7-text wpcf7-validates-as-tel required\" aria-required=\"true\" aria-invalid=\"false\" value=\"\" type=\"tel\" name=\"your-phone\" \/><\/span> <\/label>\n<\/p>\n<p><label> Mensaje*<br \/>\n<span class=\"wpcf7-form-control-wrap\" data-name=\"your-message\"><textarea cols=\"40\" rows=\"10\" maxlength=\"2000\" class=\"wpcf7-form-control wpcf7-textarea required\" aria-invalid=\"false\" name=\"your-message\"><\/textarea><\/span> <\/label>\n<\/p>\n<p><span class=\"wpcf7-form-control-wrap\" data-name=\"acceptance-277\"><span class=\"wpcf7-form-control wpcf7-acceptance\"><span class=\"wpcf7-list-item\"><label><input type=\"checkbox\" name=\"acceptance-277\" value=\"1\" class=\"accept required\" aria-invalid=\"false\" \/><span class=\"wpcf7-list-item-label\">Acepto las condiciones de uso y la <a href=\"https:\/\/elsterrers.com\/politica-privacitat\/\" target=\"blank\" rel=\"nofollow ugc\">Pol\u00edtica de privacidad<\/a><\/span><\/label><\/span><\/span><\/span>\n<\/p>\n<p><input class=\"wpcf7-form-control wpcf7-submit has-spinner\" type=\"submit\" value=\"Enviar\" \/>\n<\/p><div class=\"wpcf7-response-output\" aria-hidden=\"true\"><\/div>\n<\/form>\n<\/div>\n<\/div>\n\t\t\t\t\t\t<\/div>\n\t\t\t\t<\/div>\n\t\t\t\t<\/div>\n\t\t\t\t<\/div>\n\t\t<div class=\"elementor-element elementor-element-575102f5 e-con-full e-flex e-con e-parent\" data-id=\"575102f5\" data-element_type=\"container\" data-e-type=\"container\">\n\t\t<div class=\"elementor-element elementor-element-6a793355 e-con-full e-flex e-con e-child\" data-id=\"6a793355\" data-element_type=\"container\" data-e-type=\"container\">\n\t\t\t\t<div class=\"elementor-element elementor-element-62662a29 elementor-widget elementor-widget-text-editor\" data-id=\"62662a29\" data-element_type=\"widget\" data-e-type=\"widget\" data-widget_type=\"text-editor.default\">\n\t\t\t\t\t\t\t\t\t<iframe style=\"border: 0;\" src=\"https:\/\/www.google.com\/maps\/embed?pb=!1m18!1m12!1m3!1d2952.84455230943!2d3.0679924587219256!3d42.2604920595495!2m3!1f0!2f0!3f0!3m2!1i1024!2i768!4f13.1!3m3!1m2!1s0x12ba8a3a6b63feed%3A0x1c4b192f56a9a401!2sEls%20Terrers!5e0!3m2!1ses!2ses!4v1754058998832!5m2!1ses!2ses\" width=\"100%\" height=\"650\" allowfullscreen=\"allowfullscreen\"><span data-mce-type=\"bookmark\" style=\"display: inline-block; width: 0px; overflow: hidden; line-height: 0;\" class=\"mce_SELRES_start\"><\/span><\/iframe>\t\t\t\t\t\t\t\t<\/div>\n\t\t\t\t<\/div>\n\t\t<div class=\"elementor-element elementor-element-1172ffd1 e-con-full e-flex e-con e-child\" data-id=\"1172ffd1\" data-element_type=\"container\" data-e-type=\"container\" data-settings=\"{&quot;background_background&quot;:&quot;classic&quot;}\">\n\t\t\t\t<div class=\"elementor-element elementor-element-cdd3cf1 elementor-widget elementor-widget-heading\" data-id=\"cdd3cf1\" data-element_type=\"widget\" data-e-type=\"widget\" data-widget_type=\"heading.default\">\n\t\t\t\t\t<h2 class=\"elementor-heading-title elementor-size-default\">\u00bfC\u00f3mo llegar a Els Terrers?<\/h2>\t\t\t\t<\/div>\n\t\t\t\t<div class=\"elementor-element elementor-element-f6abb4e elementor-widget elementor-widget-text-editor\" data-id=\"f6abb4e\" data-element_type=\"widget\" data-e-type=\"widget\" data-widget_type=\"text-editor.default\">\n\t\t\t\t\t\t\t\t\t<p>Estamos a solo 10-15 minutos en coche desde <strong>Figueres<\/strong>.<br>Toma la C-260 en direcci\u00f3n a Roses, y en la rotonda de \u201centrada a Castell\u00f3 d\u201d Emp\u00faries, gira hacia el centro del pueblo. Una vez en el n\u00facleo urbano, sigue las indicaciones hacia la calle Forti\u00e0. \u00a1En unos minutos estar\u00e1s en el taller!  <\/p><p>Si vienes desde Girona, la forma m\u00e1s r\u00e1pida es por la AP-7 direcci\u00f3n Francia. Sal en la salida 4 (Figueres Sur) y sigue las indicaciones hacia Roses por la C-260. Al llegar a la rotonda de entrada a Castell\u00f3 d&#8217;Emp\u00faries, entra en el pueblo y sigue hacia la calle Forti\u00e0. Tardar\u00e1s unos 35-40 minutos, dependiendo del tr\u00e1fico.   <\/p>\t\t\t\t\t\t\t\t<\/div>\n\t\t\t\t<div class=\"elementor-element elementor-element-6d3411c7 elementor-mobile-align-left elementor-widget elementor-widget-button\" data-id=\"6d3411c7\" data-element_type=\"widget\" data-e-type=\"widget\" data-settings=\"{&quot;_animation&quot;:&quot;none&quot;}\" data-widget_type=\"button.default\">\n\t\t\t\t\t\t\t\t\t\t<a class=\"elementor-button elementor-button-link elementor-size-sm\" href=\"https:\/\/maps.app.goo.gl\/5mWUCsCjAj2T8gfd9\" target=\"_blank\">\n\t\t\t\t\t\t<span class=\"elementor-button-content-wrapper\">\n\t\t\t\t\t\t<span class=\"elementor-button-icon\">\n\t\t\t\t<svg aria-hidden=\"true\" class=\"e-font-icon-svg e-fas-arrow-right\" viewBox=\"0 0 448 512\" xmlns=\"http:\/\/www.w3.org\/2000\/svg\"><path d=\"M190.5 66.9l22.2-22.2c9.4-9.4 24.6-9.4 33.9 0L441 239c9.4 9.4 9.4 24.6 0 33.9L246.6 467.3c-9.4 9.4-24.6 9.4-33.9 0l-22.2-22.2c-9.5-9.5-9.3-25 .4-34.3L311.4 296H24c-13.3 0-24-10.7-24-24v-32c0-13.3 10.7-24 24-24h287.4L190.9 101.2c-9.8-9.3-10-24.8-.4-34.3z\"><\/path><\/svg>\t\t\t<\/span>\n\t\t\t\t\t\t\t\t\t<span class=\"elementor-button-text\">Calcula tu ruta<\/span>\n\t\t\t\t\t<\/span>\n\t\t\t\t\t<\/a>\n\t\t\t\t\t\t\t\t<\/div>\n\t\t\t\t<\/div>\n\t\t\t\t<\/div>\n\t\t\t\t<\/div>\n\t\t","protected":false},"excerpt":{"rendered":"<p>Contacto y Ubicaci\u00f3n Els Terrers Castell\u00f3 d&#8217;Emp\u00faries, Girona \u00bfTu coche necesita una reparaci\u00f3n de carrocer\u00eda? \u00bfQuieres renovar la pintura del [&hellip;]<\/p>\n","protected":false},"author":1,"featured_media":0,"parent":0,"menu_order":0,"comment_status":"closed","ping_status":"closed","template":"","meta":{"site-sidebar-layout":"no-sidebar","site-content-layout":"","ast-site-content-layout":"full-width-container","site-content-style":"default","site-sidebar-style":"default","ast-global-header-display":"","ast-banner-title-visibility":"","ast-main-header-display":"","ast-hfb-above-header-display":"","ast-hfb-below-header-display":"","ast-hfb-mobile-header-display":"","site-post-title":"disabled","ast-breadcrumbs-content":"","ast-featured-img":"disabled","footer-sml-layout":"","ast-disable-related-posts":"","theme-transparent-header-meta":"default","adv-header-id-meta":"","stick-header-meta":"default","header-above-stick-meta":"","header-main-stick-meta":"","header-below-stick-meta":"","astra-migrate-meta-layouts":"default","ast-page-background-enabled":"default","ast-page-background-meta":{"desktop":{"background-color":"var(--ast-global-color-5)","background-image":"","background-repeat":"repeat","background-position":"center center","background-size":"auto","background-attachment":"scroll","background-type":"","background-media":"","overlay-type":"","overlay-color":"","overlay-opacity":"","overlay-gradient":""},"tablet":{"background-color":"","background-image":"","background-repeat":"repeat","background-position":"center center","background-size":"auto","background-attachment":"scroll","background-type":"","background-media":"","overlay-type":"","overlay-color":"","overlay-opacity":"","overlay-gradient":""},"mobile":{"background-color":"","background-image":"","background-repeat":"repeat","background-position":"center center","background-size":"auto","background-attachment":"scroll","background-type":"","background-media":"","overlay-type":"","overlay-color":"","overlay-opacity":"","overlay-gradient":""}},"ast-content-background-meta":{"desktop":{"background-color":"var(--ast-global-color-4)","background-image":"","background-repeat":"repeat","background-position":"center center","background-size":"auto","background-attachment":"scroll","background-type":"","background-media":"","overlay-type":"","overlay-color":"","overlay-opacity":"","overlay-gradient":""},"tablet":{"background-color":"var(--ast-global-color-4)","background-image":"","background-repeat":"repeat","background-position":"center center","background-size":"auto","background-attachment":"scroll","background-type":"","background-media":"","overlay-type":"","overlay-color":"","overlay-opacity":"","overlay-gradient":""},"mobile":{"background-color":"var(--ast-global-color-4)","background-image":"","background-repeat":"repeat","background-position":"center center","background-size":"auto","background-attachment":"scroll","background-type":"","background-media":"","overlay-type":"","overlay-color":"","overlay-opacity":"","overlay-gradient":""}},"footnotes":""},"class_list":["post-882","page","type-page","status-publish","hentry"],"yoast_head":"<!-- This site is optimized with the Yoast SEO plugin v27.4 - https:\/\/yoast.com\/product\/yoast-seo-wordpress\/ -->\n<title>Contacto - Els Terrers en Castell\u00f3 d&#039;Emp\u00faries, Girona<\/title>\n<meta name=\"description\" content=\"\u00bfTu coche necesita una reparaci\u00f3n de carrocer\u00eda? \u00bfRenovar la pintura del veh\u00edculo o has tenido un golpe? En Els Terrers estamos aqu\u00ed para ayudarte.\" \/>\n<meta name=\"robots\" content=\"index, follow, max-snippet:-1, max-image-preview:large, max-video-preview:-1\" \/>\n<link rel=\"canonical\" href=\"https:\/\/elsterrers.com\/contacte\/\" \/>\n<meta property=\"og:locale\" content=\"es_ES\" \/>\n<meta property=\"og:type\" content=\"article\" \/>\n<meta property=\"og:title\" content=\"Contacto - Els Terrers en Castell\u00f3 d&#039;Emp\u00faries, Girona\" \/>\n<meta property=\"og:description\" content=\"\u00bfTu coche necesita una reparaci\u00f3n de carrocer\u00eda? \u00bfRenovar la pintura del veh\u00edculo o has tenido un golpe? En Els Terrers estamos aqu\u00ed para ayudarte.\" \/>\n<meta property=\"og:url\" content=\"https:\/\/elsterrers.com\/contacte\/\" \/>\n<meta property=\"og:site_name\" content=\"Els Terrers\" \/>\n<meta property=\"article:modified_time\" content=\"2025-08-05T14:54:37+00:00\" \/>\n<meta name=\"twitter:card\" content=\"summary_large_image\" \/>\n<meta name=\"twitter:label1\" content=\"Tiempo de lectura\" \/>\n\t<meta name=\"twitter:data1\" content=\"1 minuto\" \/>\n<script type=\"application\/ld+json\" class=\"yoast-schema-graph\">{\"@context\":\"https:\\\/\\\/schema.org\",\"@graph\":[{\"@type\":\"WebPage\",\"@id\":\"https:\\\/\\\/elsterrers.com\\\/contacte\\\/\",\"url\":\"https:\\\/\\\/elsterrers.com\\\/contacte\\\/\",\"name\":\"Contacto - Els Terrers en Castell\u00f3 d'Emp\u00faries, Girona\",\"isPartOf\":{\"@id\":\"https:\\\/\\\/elsterrers.com\\\/#website\"},\"datePublished\":\"2025-07-30T12:04:22+00:00\",\"dateModified\":\"2025-08-05T14:54:37+00:00\",\"description\":\"\u00bfTu coche necesita una reparaci\u00f3n de carrocer\u00eda? \u00bfRenovar la pintura del veh\u00edculo o has tenido un golpe? En Els Terrers estamos aqu\u00ed para ayudarte.\",\"breadcrumb\":{\"@id\":\"https:\\\/\\\/elsterrers.com\\\/contacte\\\/#breadcrumb\"},\"inLanguage\":\"es\",\"potentialAction\":[{\"@type\":\"ReadAction\",\"target\":[\"https:\\\/\\\/elsterrers.com\\\/contacte\\\/\"]}]},{\"@type\":\"BreadcrumbList\",\"@id\":\"https:\\\/\\\/elsterrers.com\\\/contacte\\\/#breadcrumb\",\"itemListElement\":[{\"@type\":\"ListItem\",\"position\":1,\"name\":\"Inici\",\"item\":\"https:\\\/\\\/elsterrers.com\\\/es\\\/inicio\\\/\"},{\"@type\":\"ListItem\",\"position\":2,\"name\":\"Contacto\"}]},{\"@type\":\"WebSite\",\"@id\":\"https:\\\/\\\/elsterrers.com\\\/#website\",\"url\":\"https:\\\/\\\/elsterrers.com\\\/\",\"name\":\"Els Terrers\",\"description\":\"Planchister\u00eda y Pintura en Castell\u00f3 d'Emp\u00faries\",\"publisher\":{\"@id\":\"https:\\\/\\\/elsterrers.com\\\/#organization\"},\"potentialAction\":[{\"@type\":\"SearchAction\",\"target\":{\"@type\":\"EntryPoint\",\"urlTemplate\":\"https:\\\/\\\/elsterrers.com\\\/?s={search_term_string}\"},\"query-input\":{\"@type\":\"PropertyValueSpecification\",\"valueRequired\":true,\"valueName\":\"search_term_string\"}}],\"inLanguage\":\"es\"},{\"@type\":\"Organization\",\"@id\":\"https:\\\/\\\/elsterrers.com\\\/#organization\",\"name\":\"Els Terrers\",\"url\":\"https:\\\/\\\/elsterrers.com\\\/\",\"logo\":{\"@type\":\"ImageObject\",\"inLanguage\":\"es\",\"@id\":\"https:\\\/\\\/elsterrers.com\\\/#\\\/schema\\\/logo\\\/image\\\/\",\"url\":\"https:\\\/\\\/elsterrers.com\\\/wp-content\\\/uploads\\\/2025\\\/07\\\/LOGO.jpg\",\"contentUrl\":\"https:\\\/\\\/elsterrers.com\\\/wp-content\\\/uploads\\\/2025\\\/07\\\/LOGO.jpg\",\"width\":637,\"height\":137,\"caption\":\"Els Terrers\"},\"image\":{\"@id\":\"https:\\\/\\\/elsterrers.com\\\/#\\\/schema\\\/logo\\\/image\\\/\"}}]}<\/script>\n<!-- \/ Yoast SEO plugin. -->","yoast_head_json":{"title":"Contacto - Els Terrers en Castell\u00f3 d'Emp\u00faries, Girona","description":"\u00bfTu coche necesita una reparaci\u00f3n de carrocer\u00eda? \u00bfRenovar la pintura del veh\u00edculo o has tenido un golpe? En Els Terrers estamos aqu\u00ed para ayudarte.","robots":{"index":"index","follow":"follow","max-snippet":"max-snippet:-1","max-image-preview":"max-image-preview:large","max-video-preview":"max-video-preview:-1"},"canonical":"https:\/\/elsterrers.com\/contacte\/","og_locale":"es_ES","og_type":"article","og_title":"Contacto - Els Terrers en Castell\u00f3 d'Emp\u00faries, Girona","og_description":"\u00bfTu coche necesita una reparaci\u00f3n de carrocer\u00eda? \u00bfRenovar la pintura del veh\u00edculo o has tenido un golpe? En Els Terrers estamos aqu\u00ed para ayudarte.","og_url":"https:\/\/elsterrers.com\/contacte\/","og_site_name":"Els Terrers","article_modified_time":"2025-08-05T14:54:37+00:00","twitter_card":"summary_large_image","twitter_misc":{"Tiempo de lectura":"1 minuto"},"schema":{"@context":"https:\/\/schema.org","@graph":[{"@type":"WebPage","@id":"https:\/\/elsterrers.com\/contacte\/","url":"https:\/\/elsterrers.com\/contacte\/","name":"Contacto - Els Terrers en Castell\u00f3 d'Emp\u00faries, Girona","isPartOf":{"@id":"https:\/\/elsterrers.com\/#website"},"datePublished":"2025-07-30T12:04:22+00:00","dateModified":"2025-08-05T14:54:37+00:00","description":"\u00bfTu coche necesita una reparaci\u00f3n de carrocer\u00eda? \u00bfRenovar la pintura del veh\u00edculo o has tenido un golpe? En Els Terrers estamos aqu\u00ed para ayudarte.","breadcrumb":{"@id":"https:\/\/elsterrers.com\/contacte\/#breadcrumb"},"inLanguage":"es","potentialAction":[{"@type":"ReadAction","target":["https:\/\/elsterrers.com\/contacte\/"]}]},{"@type":"BreadcrumbList","@id":"https:\/\/elsterrers.com\/contacte\/#breadcrumb","itemListElement":[{"@type":"ListItem","position":1,"name":"Inici","item":"https:\/\/elsterrers.com\/es\/inicio\/"},{"@type":"ListItem","position":2,"name":"Contacto"}]},{"@type":"WebSite","@id":"https:\/\/elsterrers.com\/#website","url":"https:\/\/elsterrers.com\/","name":"Els Terrers","description":"Planchister\u00eda y Pintura en Castell\u00f3 d'Emp\u00faries","publisher":{"@id":"https:\/\/elsterrers.com\/#organization"},"potentialAction":[{"@type":"SearchAction","target":{"@type":"EntryPoint","urlTemplate":"https:\/\/elsterrers.com\/?s={search_term_string}"},"query-input":{"@type":"PropertyValueSpecification","valueRequired":true,"valueName":"search_term_string"}}],"inLanguage":"es"},{"@type":"Organization","@id":"https:\/\/elsterrers.com\/#organization","name":"Els Terrers","url":"https:\/\/elsterrers.com\/","logo":{"@type":"ImageObject","inLanguage":"es","@id":"https:\/\/elsterrers.com\/#\/schema\/logo\/image\/","url":"https:\/\/elsterrers.com\/wp-content\/uploads\/2025\/07\/LOGO.jpg","contentUrl":"https:\/\/elsterrers.com\/wp-content\/uploads\/2025\/07\/LOGO.jpg","width":637,"height":137,"caption":"Els Terrers"},"image":{"@id":"https:\/\/elsterrers.com\/#\/schema\/logo\/image\/"}}]}},"_links":{"self":[{"href":"https:\/\/elsterrers.com\/es\/wp-json\/wp\/v2\/pages\/882","targetHints":{"allow":["GET"]}}],"collection":[{"href":"https:\/\/elsterrers.com\/es\/wp-json\/wp\/v2\/pages"}],"about":[{"href":"https:\/\/elsterrers.com\/es\/wp-json\/wp\/v2\/types\/page"}],"author":[{"embeddable":true,"href":"https:\/\/elsterrers.com\/es\/wp-json\/wp\/v2\/users\/1"}],"replies":[{"embeddable":true,"href":"https:\/\/elsterrers.com\/es\/wp-json\/wp\/v2\/comments?post=882"}],"version-history":[{"count":4,"href":"https:\/\/elsterrers.com\/es\/wp-json\/wp\/v2\/pages\/882\/revisions"}],"predecessor-version":[{"id":911,"href":"https:\/\/elsterrers.com\/es\/wp-json\/wp\/v2\/pages\/882\/revisions\/911"}],"wp:attachment":[{"href":"https:\/\/elsterrers.com\/es\/wp-json\/wp\/v2\/media?parent=882"}],"curies":[{"name":"wp","href":"https:\/\/api.w.org\/{rel}","templated":true}]}}