{"id":890,"date":"2025-07-30T14:04:08","date_gmt":"2025-07-30T12:04:08","guid":{"rendered":"https:\/\/elsterrers.com\/quienes-somos\/"},"modified":"2025-08-05T16:41:42","modified_gmt":"2025-08-05T14:41:42","slug":"quienes-somos","status":"publish","type":"page","link":"https:\/\/elsterrers.com\/es\/quienes-somos\/","title":{"rendered":"Qui\u00e9nes Somos"},"content":{"rendered":"\t\t<div data-elementor-type=\"wp-page\" data-elementor-id=\"890\" class=\"elementor elementor-890 elementor-17\">\n\t\t\t\t<div class=\"elementor-element elementor-element-ec2e930 e-con-full e-flex e-con e-parent\" data-id=\"ec2e930\" data-element_type=\"container\" data-e-type=\"container\">\n\t\t<div class=\"elementor-element elementor-element-330b3d2 e-con-full e-flex e-con e-child\" data-id=\"330b3d2\" data-element_type=\"container\" data-e-type=\"container\">\n\t\t\t\t<div class=\"elementor-element elementor-element-3122ff5 elementor-widget elementor-widget-image\" data-id=\"3122ff5\" data-element_type=\"widget\" data-e-type=\"widget\" data-widget_type=\"image.default\">\n\t\t\t\t\t\t\t\t\t\t\t\t\t\t\t<img fetchpriority=\"high\" decoding=\"async\" width=\"900\" height=\"900\" src=\"https:\/\/elsterrers.com\/wp-content\/uploads\/2025\/08\/DSC_3617-1.jpg\" class=\"attachment-full size-full wp-image-737\" alt=\"Els Terrers, el teu taller de confian\u00e7a a Castell\u00f3 d\u2019Emp\u00faries des de 1985\" srcset=\"https:\/\/elsterrers.com\/wp-content\/uploads\/2025\/08\/DSC_3617-1.jpg 900w, https:\/\/elsterrers.com\/wp-content\/uploads\/2025\/08\/DSC_3617-1-768x768.jpg 768w\" sizes=\"(max-width: 900px) 100vw, 900px\" \/>\t\t\t\t\t\t\t\t\t\t\t\t\t\t\t<\/div>\n\t\t\t\t<\/div>\n\t\t<div class=\"elementor-element elementor-element-a884a72 e-con-full e-flex e-con e-child\" data-id=\"a884a72\" data-element_type=\"container\" data-e-type=\"container\" data-settings=\"{&quot;background_background&quot;:&quot;classic&quot;}\">\n\t\t\t\t<div class=\"elementor-element elementor-element-041c644 elementor-widget elementor-widget-heading\" data-id=\"041c644\" data-element_type=\"widget\" data-e-type=\"widget\" data-settings=\"{&quot;_animation&quot;:&quot;none&quot;}\" data-widget_type=\"heading.default\">\n\t\t\t\t\t<div class=\"elementor-heading-title elementor-size-default\">Qui\u00e9nes somos<\/div>\t\t\t\t<\/div>\n\t\t\t\t<div class=\"elementor-element elementor-element-d275515 elementor-widget elementor-widget-heading\" data-id=\"d275515\" data-element_type=\"widget\" data-e-type=\"widget\" data-widget_type=\"heading.default\">\n\t\t\t\t\t<h1 class=\"elementor-heading-title elementor-size-default\">Els Terrers, tu taller de confianza en Castell\u00f3 d'Emp\u00faries desde 1985<\/h1>\t\t\t\t<\/div>\n\t\t\t\t<div class=\"elementor-element elementor-element-140176f elementor-widget elementor-widget-text-editor\" data-id=\"140176f\" data-element_type=\"widget\" data-e-type=\"widget\" data-widget_type=\"text-editor.default\">\n\t\t\t\t\t\t\t\t\t<p>En <strong>Els Terrers<\/strong> llevamos m\u00e1s de 35 a\u00f1os reparando carrocer\u00edas, pintando veh\u00edculos y atendiendo a nuestros clientes con el trato cercano que nos caracteriza. Somos un<strong> taller familiar<\/strong>, fundado por <strong>Santi N\u00fa\u00f1ez Rey<\/strong>, que le pas\u00f3 el testimonio a su hijo, <strong>Santi N\u00fa\u00f1ez Famoso<\/strong>, quien mantiene viva la tradici\u00f3n con la misma dedicaci\u00f3n y compromiso. <\/p><p>Nos encontrar\u00e1s en la calle Forti\u00e0 de Castell\u00f3 d\u00b4Emp\u00faries, Girona, Alt Empord\u00e0, donde cada d\u00eda trabajamos para dejar los coches como nuevos. A lo largo de los a\u00f1os, nos hemos ganado la confianza de cientos de conductores gracias a nuestra seriedad, calidad y eficacia. <\/p>\t\t\t\t\t\t\t\t<\/div>\n\t\t\t\t<\/div>\n\t\t\t\t<\/div>\n\t\t<div class=\"elementor-element elementor-element-71d4309d e-con-full e-flex e-con e-parent\" data-id=\"71d4309d\" data-element_type=\"container\" data-e-type=\"container\">\n\t\t<div class=\"elementor-element elementor-element-50232a83 e-con-full e-flex e-con e-child\" data-id=\"50232a83\" data-element_type=\"container\" data-e-type=\"container\">\n\t\t\t\t<div class=\"elementor-element elementor-element-5fbf2e8 elementor-widget elementor-widget-heading\" data-id=\"5fbf2e8\" data-element_type=\"widget\" data-e-type=\"widget\" data-widget_type=\"heading.default\">\n\t\t\t\t\t<h2 class=\"elementor-heading-title elementor-size-default\">Mucho m\u00e1s que un taller<\/h2>\t\t\t\t<\/div>\n\t\t\t\t<div class=\"elementor-element elementor-element-49d78baf elementor-widget elementor-widget-text-editor\" data-id=\"49d78baf\" data-element_type=\"widget\" data-e-type=\"widget\" data-widget_type=\"text-editor.default\">\n\t\t\t\t\t\t\t\t\t<p>En Els Terrers no s\u00f3lo reparamos, tambi\u00e9n <strong>personalizamos coches<\/strong>, realizamos<strong> cambios de color<\/strong>, <strong>retoques parciales<\/strong>, y ofrecemos un servicio integral para que tu coche luzca como el primer d\u00eda.<\/p><p>Nos apasiona nuestro trabajo, y esto se nota en cada detalle: desde la calidad de los materiales que utilizamos hasta la forma en que tratamos a nuestros clientes.<\/p>\t\t\t\t\t\t\t\t<\/div>\n\t\t\t\t<\/div>\n\t\t<div class=\"elementor-element elementor-element-655d331a e-con-full e-flex e-con e-child\" data-id=\"655d331a\" data-element_type=\"container\" data-e-type=\"container\" data-settings=\"{&quot;background_background&quot;:&quot;classic&quot;}\">\n\t\t\t\t<div class=\"elementor-element elementor-element-1769152 elementor-widget elementor-widget-image-gallery\" data-id=\"1769152\" data-element_type=\"widget\" data-e-type=\"widget\" data-widget_type=\"image-gallery.default\">\n\t\t\t\t\t\t\t<div class=\"elementor-image-gallery\">\n\t\t\t<div id='gallery-1' class='gallery galleryid-890 gallery-columns-2 gallery-size-full'><figure class='gallery-item'>\n\t\t\t<div class='gallery-icon landscape'>\n\t\t\t\t<a data-elementor-open-lightbox=\"yes\" data-elementor-lightbox-slideshow=\"1769152\" data-elementor-lightbox-title=\"DSC_3621-1\" data-e-action-hash=\"#elementor-action%3Aaction%3Dlightbox%26settings%3DeyJpZCI6ODU3LCJ1cmwiOiJodHRwczpcL1wvZWxzdGVycmVycy5jb21cL3dwLWNvbnRlbnRcL3VwbG9hZHNcLzIwMjVcLzA4XC9EU0NfMzYyMS0xLmpwZyIsInNsaWRlc2hvdyI6IjE3NjkxNTIifQ%3D%3D\" href='https:\/\/elsterrers.com\/wp-content\/uploads\/2025\/08\/DSC_3621-1.jpg'><img decoding=\"async\" width=\"960\" height=\"682\" src=\"https:\/\/elsterrers.com\/wp-content\/uploads\/2025\/08\/DSC_3621-1.jpg\" class=\"attachment-full size-full\" alt=\"Els Terrers\" srcset=\"https:\/\/elsterrers.com\/wp-content\/uploads\/2025\/08\/DSC_3621-1.jpg 960w, https:\/\/elsterrers.com\/wp-content\/uploads\/2025\/08\/DSC_3621-1-768x546.jpg 768w\" sizes=\"(max-width: 960px) 100vw, 960px\" \/><\/a>\n\t\t\t<\/div><\/figure><figure class='gallery-item'>\n\t\t\t<div class='gallery-icon landscape'>\n\t\t\t\t<a data-elementor-open-lightbox=\"yes\" data-elementor-lightbox-slideshow=\"1769152\" data-elementor-lightbox-title=\"DSC_3639-2\" data-e-action-hash=\"#elementor-action%3Aaction%3Dlightbox%26settings%3DeyJpZCI6ODU5LCJ1cmwiOiJodHRwczpcL1wvZWxzdGVycmVycy5jb21cL3dwLWNvbnRlbnRcL3VwbG9hZHNcLzIwMjVcLzA4XC9EU0NfMzYzOS0yLmpwZyIsInNsaWRlc2hvdyI6IjE3NjkxNTIifQ%3D%3D\" href='https:\/\/elsterrers.com\/wp-content\/uploads\/2025\/08\/DSC_3639-2.jpg'><img decoding=\"async\" width=\"960\" height=\"682\" src=\"https:\/\/elsterrers.com\/wp-content\/uploads\/2025\/08\/DSC_3639-2.jpg\" class=\"attachment-full size-full\" alt=\"Els Terrers\" srcset=\"https:\/\/elsterrers.com\/wp-content\/uploads\/2025\/08\/DSC_3639-2.jpg 960w, https:\/\/elsterrers.com\/wp-content\/uploads\/2025\/08\/DSC_3639-2-768x546.jpg 768w\" sizes=\"(max-width: 960px) 100vw, 960px\" \/><\/a>\n\t\t\t<\/div><\/figure><figure class='gallery-item'>\n\t\t\t<div class='gallery-icon landscape'>\n\t\t\t\t<a data-elementor-open-lightbox=\"yes\" data-elementor-lightbox-slideshow=\"1769152\" data-elementor-lightbox-title=\"DSC_3624-1\" data-e-action-hash=\"#elementor-action%3Aaction%3Dlightbox%26settings%3DeyJpZCI6ODYxLCJ1cmwiOiJodHRwczpcL1wvZWxzdGVycmVycy5jb21cL3dwLWNvbnRlbnRcL3VwbG9hZHNcLzIwMjVcLzA4XC9EU0NfMzYyNC0xLmpwZyIsInNsaWRlc2hvdyI6IjE3NjkxNTIifQ%3D%3D\" href='https:\/\/elsterrers.com\/wp-content\/uploads\/2025\/08\/DSC_3624-1.jpg'><img loading=\"lazy\" decoding=\"async\" width=\"960\" height=\"682\" src=\"https:\/\/elsterrers.com\/wp-content\/uploads\/2025\/08\/DSC_3624-1.jpg\" class=\"attachment-full size-full\" alt=\"Els Terrers\" srcset=\"https:\/\/elsterrers.com\/wp-content\/uploads\/2025\/08\/DSC_3624-1.jpg 960w, https:\/\/elsterrers.com\/wp-content\/uploads\/2025\/08\/DSC_3624-1-768x546.jpg 768w\" sizes=\"(max-width: 960px) 100vw, 960px\" \/><\/a>\n\t\t\t<\/div><\/figure><figure class='gallery-item'>\n\t\t\t<div class='gallery-icon landscape'>\n\t\t\t\t<a data-elementor-open-lightbox=\"yes\" data-elementor-lightbox-slideshow=\"1769152\" data-elementor-lightbox-title=\"DSC_3622-1\" data-e-action-hash=\"#elementor-action%3Aaction%3Dlightbox%26settings%3DeyJpZCI6ODYzLCJ1cmwiOiJodHRwczpcL1wvZWxzdGVycmVycy5jb21cL3dwLWNvbnRlbnRcL3VwbG9hZHNcLzIwMjVcLzA4XC9EU0NfMzYyMi0xLmpwZyIsInNsaWRlc2hvdyI6IjE3NjkxNTIifQ%3D%3D\" href='https:\/\/elsterrers.com\/wp-content\/uploads\/2025\/08\/DSC_3622-1.jpg'><img loading=\"lazy\" decoding=\"async\" width=\"960\" height=\"682\" src=\"https:\/\/elsterrers.com\/wp-content\/uploads\/2025\/08\/DSC_3622-1.jpg\" class=\"attachment-full size-full\" alt=\"Els Terrers\" srcset=\"https:\/\/elsterrers.com\/wp-content\/uploads\/2025\/08\/DSC_3622-1.jpg 960w, https:\/\/elsterrers.com\/wp-content\/uploads\/2025\/08\/DSC_3622-1-768x546.jpg 768w\" sizes=\"(max-width: 960px) 100vw, 960px\" \/><\/a>\n\t\t\t<\/div><\/figure>\n\t\t<\/div>\n\t\t<\/div>\n\t\t\t\t\t\t<\/div>\n\t\t\t\t<\/div>\n\t\t\t\t<\/div>\n\t\t<div class=\"elementor-element elementor-element-9347c81 e-con-full e-flex e-con e-parent\" data-id=\"9347c81\" data-element_type=\"container\" data-e-type=\"container\">\n\t\t<div class=\"elementor-element elementor-element-cb75318 e-con-full e-flex e-con e-child\" data-id=\"cb75318\" data-element_type=\"container\" data-e-type=\"container\">\n\t\t\t\t<div class=\"elementor-element elementor-element-dfe1fb0 elementor-widget elementor-widget-heading\" data-id=\"dfe1fb0\" data-element_type=\"widget\" data-e-type=\"widget\" data-widget_type=\"heading.default\">\n\t\t\t\t\t<h3 class=\"elementor-heading-title elementor-size-default\">\u00bfQu\u00e9 nos hace diferentes?<\/h3>\t\t\t\t<\/div>\n\t\t\t\t<div class=\"elementor-element elementor-element-b2d1d74 elementor-widget elementor-widget-text-editor\" data-id=\"b2d1d74\" data-element_type=\"widget\" data-e-type=\"widget\" data-widget_type=\"text-editor.default\">\n\t\t\t\t\t\t\t\t\t<p>Nuestra experiencia nos permite hacer frente a cualquier reparaci\u00f3n con gran precisi\u00f3n. Nos implicamos en cada caso y conocemos a nuestros clientes. Adem\u00e1s, contamos con un horno de pintura profesional, lo que garantiza acabados impecables, sin polvo ni imperfecciones.  <\/p><p>Apostamos por la rapidez y la transparencia: te lo explicamos todo antes de empezar, sin sorpresas ni letra peque\u00f1a. Y si tu veh\u00edculo est\u00e1 asegurado, no te preocupes, porque trabajamos con las principales compa\u00f1\u00edas de seguros para que todo sea a\u00fan m\u00e1s f\u00e1cil. <\/p>\t\t\t\t\t\t\t\t<\/div>\n\t\t\t\t<\/div>\n\t\t<div class=\"elementor-element elementor-element-16b164f e-con-full e-flex e-con e-child\" data-id=\"16b164f\" data-element_type=\"container\" data-e-type=\"container\" data-settings=\"{&quot;background_background&quot;:&quot;classic&quot;}\">\n\t\t\t\t<div class=\"elementor-element elementor-element-3f4b473 elementor-widget elementor-widget-heading\" data-id=\"3f4b473\" data-element_type=\"widget\" data-e-type=\"widget\" data-widget_type=\"heading.default\">\n\t\t\t\t\t<h3 class=\"elementor-heading-title elementor-size-default\">\u00bfHablamos?<\/h3>\t\t\t\t<\/div>\n\t\t\t\t<div class=\"elementor-element elementor-element-ec844b8 elementor-widget elementor-widget-text-editor\" data-id=\"ec844b8\" data-element_type=\"widget\" data-e-type=\"widget\" data-widget_type=\"text-editor.default\">\n\t\t\t\t\t\t\t\t\t<p>Si buscas un taller de confianza en Castell\u00f3n de Amp\u00farias, aqu\u00ed estamos. Rellena el formulario de contacto y expl\u00edcanos qu\u00e9 necesitas. Te responderemos lo antes posible con un presupuesto sin compromiso, o si lo prefieres, te llamamos y hablamos directamente.  <\/p>\t\t\t\t\t\t\t\t<\/div>\n\t\t\t\t<div class=\"elementor-element elementor-element-dccfee1 elementor-mobile-align-left elementor-widget elementor-widget-button\" data-id=\"dccfee1\" data-element_type=\"widget\" data-e-type=\"widget\" data-settings=\"{&quot;_animation&quot;:&quot;none&quot;}\" data-widget_type=\"button.default\">\n\t\t\t\t\t\t\t\t\t\t<a class=\"elementor-button elementor-button-link elementor-size-sm\" href=\"https:\/\/elsterrers.com\/es\/contacto\/\">\n\t\t\t\t\t\t<span class=\"elementor-button-content-wrapper\">\n\t\t\t\t\t\t<span class=\"elementor-button-icon\">\n\t\t\t\t<svg aria-hidden=\"true\" class=\"e-font-icon-svg e-fas-arrow-right\" viewBox=\"0 0 448 512\" xmlns=\"http:\/\/www.w3.org\/2000\/svg\"><path d=\"M190.5 66.9l22.2-22.2c9.4-9.4 24.6-9.4 33.9 0L441 239c9.4 9.4 9.4 24.6 0 33.9L246.6 467.3c-9.4 9.4-24.6 9.4-33.9 0l-22.2-22.2c-9.5-9.5-9.3-25 .4-34.3L311.4 296H24c-13.3 0-24-10.7-24-24v-32c0-13.3 10.7-24 24-24h287.4L190.9 101.2c-9.8-9.3-10-24.8-.4-34.3z\"><\/path><\/svg>\t\t\t<\/span>\n\t\t\t\t\t\t\t\t\t<span class=\"elementor-button-text\">Contacta con nosotros<\/span>\n\t\t\t\t\t<\/span>\n\t\t\t\t\t<\/a>\n\t\t\t\t\t\t\t\t<\/div>\n\t\t\t\t<\/div>\n\t\t\t\t<\/div>\n\t\t\t\t<\/div>\n\t\t","protected":false},"excerpt":{"rendered":"<p>Qui\u00e9nes somos Els Terrers, tu taller de confianza en Castell\u00f3 d&#8217;Emp\u00faries desde 1985 En Els Terrers llevamos m\u00e1s de 35 [&hellip;]<\/p>\n","protected":false},"author":1,"featured_media":0,"parent":0,"menu_order":0,"comment_status":"closed","ping_status":"closed","template":"","meta":{"site-sidebar-layout":"no-sidebar","site-content-layout":"","ast-site-content-layout":"full-width-container","site-content-style":"default","site-sidebar-style":"default","ast-global-header-display":"","ast-banner-title-visibility":"","ast-main-header-display":"","ast-hfb-above-header-display":"","ast-hfb-below-header-display":"","ast-hfb-mobile-header-display":"","site-post-title":"disabled","ast-breadcrumbs-content":"","ast-featured-img":"disabled","footer-sml-layout":"","ast-disable-related-posts":"","theme-transparent-header-meta":"default","adv-header-id-meta":"","stick-header-meta":"default","header-above-stick-meta":"","header-main-stick-meta":"","header-below-stick-meta":"","astra-migrate-meta-layouts":"default","ast-page-background-enabled":"default","ast-page-background-meta":{"desktop":{"background-color":"var(--ast-global-color-5)","background-image":"","background-repeat":"repeat","background-position":"center center","background-size":"auto","background-attachment":"scroll","background-type":"","background-media":"","overlay-type":"","overlay-color":"","overlay-opacity":"","overlay-gradient":""},"tablet":{"background-color":"","background-image":"","background-repeat":"repeat","background-position":"center center","background-size":"auto","background-attachment":"scroll","background-type":"","background-media":"","overlay-type":"","overlay-color":"","overlay-opacity":"","overlay-gradient":""},"mobile":{"background-color":"","background-image":"","background-repeat":"repeat","background-position":"center center","background-size":"auto","background-attachment":"scroll","background-type":"","background-media":"","overlay-type":"","overlay-color":"","overlay-opacity":"","overlay-gradient":""}},"ast-content-background-meta":{"desktop":{"background-color":"var(--ast-global-color-4)","background-image":"","background-repeat":"repeat","background-position":"center center","background-size":"auto","background-attachment":"scroll","background-type":"","background-media":"","overlay-type":"","overlay-color":"","overlay-opacity":"","overlay-gradient":""},"tablet":{"background-color":"var(--ast-global-color-4)","background-image":"","background-repeat":"repeat","background-position":"center center","background-size":"auto","background-attachment":"scroll","background-type":"","background-media":"","overlay-type":"","overlay-color":"","overlay-opacity":"","overlay-gradient":""},"mobile":{"background-color":"var(--ast-global-color-4)","background-image":"","background-repeat":"repeat","background-position":"center center","background-size":"auto","background-attachment":"scroll","background-type":"","background-media":"","overlay-type":"","overlay-color":"","overlay-opacity":"","overlay-gradient":""}},"footnotes":""},"class_list":["post-890","page","type-page","status-publish","hentry"],"yoast_head":"<!-- This site is optimized with the Yoast SEO plugin v27.4 - https:\/\/yoast.com\/product\/yoast-seo-wordpress\/ -->\n<title>Qui\u00e9nes somos - Els Terrers en Castell\u00f3 d&#039;Emp\u00faries, Girona<\/title>\n<meta name=\"description\" content=\"Els Terrers, somos un taller familiar, fundado por Santi N\u00fa\u00f1ez Rey, que pas\u00f3 el testigo a su hijo, Santi N\u00fa\u00f1ez Famoso.\" \/>\n<meta name=\"robots\" content=\"index, follow, max-snippet:-1, max-image-preview:large, max-video-preview:-1\" \/>\n<link rel=\"canonical\" href=\"https:\/\/elsterrers.com\/es\/quienes-somos\/\" \/>\n<meta property=\"og:locale\" content=\"es_ES\" \/>\n<meta property=\"og:type\" content=\"article\" \/>\n<meta property=\"og:title\" content=\"Qui\u00e9nes somos - Els Terrers en Castell\u00f3 d&#039;Emp\u00faries, Girona\" \/>\n<meta property=\"og:description\" content=\"Els Terrers, somos un taller familiar, fundado por Santi N\u00fa\u00f1ez Rey, que pas\u00f3 el testigo a su hijo, Santi N\u00fa\u00f1ez Famoso.\" \/>\n<meta property=\"og:url\" content=\"https:\/\/elsterrers.com\/es\/quienes-somos\/\" \/>\n<meta property=\"og:site_name\" content=\"Els Terrers\" \/>\n<meta property=\"article:modified_time\" content=\"2025-08-05T14:41:42+00:00\" \/>\n<meta property=\"og:image\" content=\"https:\/\/elsterrers.com\/wp-content\/uploads\/2025\/08\/DSC_3617-1.jpg\" \/>\n\t<meta property=\"og:image:width\" content=\"900\" \/>\n\t<meta property=\"og:image:height\" content=\"900\" \/>\n\t<meta property=\"og:image:type\" content=\"image\/jpeg\" \/>\n<meta name=\"twitter:card\" content=\"summary_large_image\" \/>\n<meta name=\"twitter:label1\" content=\"Tiempo de lectura\" \/>\n\t<meta name=\"twitter:data1\" content=\"2 minutos\" \/>\n<script type=\"application\/ld+json\" class=\"yoast-schema-graph\">{\"@context\":\"https:\\\/\\\/schema.org\",\"@graph\":[{\"@type\":\"WebPage\",\"@id\":\"https:\\\/\\\/elsterrers.com\\\/es\\\/quienes-somos\\\/\",\"url\":\"https:\\\/\\\/elsterrers.com\\\/es\\\/quienes-somos\\\/\",\"name\":\"Qui\u00e9nes somos - Els Terrers en Castell\u00f3 d'Emp\u00faries, Girona\",\"isPartOf\":{\"@id\":\"https:\\\/\\\/elsterrers.com\\\/#website\"},\"primaryImageOfPage\":{\"@id\":\"https:\\\/\\\/elsterrers.com\\\/es\\\/quienes-somos\\\/#primaryimage\"},\"image\":{\"@id\":\"https:\\\/\\\/elsterrers.com\\\/es\\\/quienes-somos\\\/#primaryimage\"},\"thumbnailUrl\":\"https:\\\/\\\/elsterrers.com\\\/wp-content\\\/uploads\\\/2025\\\/08\\\/DSC_3617-1.jpg\",\"datePublished\":\"2025-07-30T12:04:08+00:00\",\"dateModified\":\"2025-08-05T14:41:42+00:00\",\"description\":\"Els Terrers, somos un taller familiar, fundado por Santi N\u00fa\u00f1ez Rey, que pas\u00f3 el testigo a su hijo, Santi N\u00fa\u00f1ez Famoso.\",\"breadcrumb\":{\"@id\":\"https:\\\/\\\/elsterrers.com\\\/es\\\/quienes-somos\\\/#breadcrumb\"},\"inLanguage\":\"es\",\"potentialAction\":[{\"@type\":\"ReadAction\",\"target\":[\"https:\\\/\\\/elsterrers.com\\\/es\\\/quienes-somos\\\/\"]}]},{\"@type\":\"ImageObject\",\"inLanguage\":\"es\",\"@id\":\"https:\\\/\\\/elsterrers.com\\\/es\\\/quienes-somos\\\/#primaryimage\",\"url\":\"https:\\\/\\\/elsterrers.com\\\/wp-content\\\/uploads\\\/2025\\\/08\\\/DSC_3617-1.jpg\",\"contentUrl\":\"https:\\\/\\\/elsterrers.com\\\/wp-content\\\/uploads\\\/2025\\\/08\\\/DSC_3617-1.jpg\"},{\"@type\":\"BreadcrumbList\",\"@id\":\"https:\\\/\\\/elsterrers.com\\\/es\\\/quienes-somos\\\/#breadcrumb\",\"itemListElement\":[{\"@type\":\"ListItem\",\"position\":1,\"name\":\"Inici\",\"item\":\"https:\\\/\\\/elsterrers.com\\\/es\\\/inicio\\\/\"},{\"@type\":\"ListItem\",\"position\":2,\"name\":\"Qui\u00e9nes Somos\"}]},{\"@type\":\"WebSite\",\"@id\":\"https:\\\/\\\/elsterrers.com\\\/#website\",\"url\":\"https:\\\/\\\/elsterrers.com\\\/\",\"name\":\"Els Terrers\",\"description\":\"Planchister\u00eda y Pintura en Castell\u00f3 d'Emp\u00faries\",\"publisher\":{\"@id\":\"https:\\\/\\\/elsterrers.com\\\/#organization\"},\"potentialAction\":[{\"@type\":\"SearchAction\",\"target\":{\"@type\":\"EntryPoint\",\"urlTemplate\":\"https:\\\/\\\/elsterrers.com\\\/?s={search_term_string}\"},\"query-input\":{\"@type\":\"PropertyValueSpecification\",\"valueRequired\":true,\"valueName\":\"search_term_string\"}}],\"inLanguage\":\"es\"},{\"@type\":\"Organization\",\"@id\":\"https:\\\/\\\/elsterrers.com\\\/#organization\",\"name\":\"Els Terrers\",\"url\":\"https:\\\/\\\/elsterrers.com\\\/\",\"logo\":{\"@type\":\"ImageObject\",\"inLanguage\":\"es\",\"@id\":\"https:\\\/\\\/elsterrers.com\\\/#\\\/schema\\\/logo\\\/image\\\/\",\"url\":\"https:\\\/\\\/elsterrers.com\\\/wp-content\\\/uploads\\\/2025\\\/07\\\/LOGO.jpg\",\"contentUrl\":\"https:\\\/\\\/elsterrers.com\\\/wp-content\\\/uploads\\\/2025\\\/07\\\/LOGO.jpg\",\"width\":637,\"height\":137,\"caption\":\"Els Terrers\"},\"image\":{\"@id\":\"https:\\\/\\\/elsterrers.com\\\/#\\\/schema\\\/logo\\\/image\\\/\"}}]}<\/script>\n<!-- \/ Yoast SEO plugin. -->","yoast_head_json":{"title":"Qui\u00e9nes somos - Els Terrers en Castell\u00f3 d'Emp\u00faries, Girona","description":"Els Terrers, somos un taller familiar, fundado por Santi N\u00fa\u00f1ez Rey, que pas\u00f3 el testigo a su hijo, Santi N\u00fa\u00f1ez Famoso.","robots":{"index":"index","follow":"follow","max-snippet":"max-snippet:-1","max-image-preview":"max-image-preview:large","max-video-preview":"max-video-preview:-1"},"canonical":"https:\/\/elsterrers.com\/es\/quienes-somos\/","og_locale":"es_ES","og_type":"article","og_title":"Qui\u00e9nes somos - Els Terrers en Castell\u00f3 d'Emp\u00faries, Girona","og_description":"Els Terrers, somos un taller familiar, fundado por Santi N\u00fa\u00f1ez Rey, que pas\u00f3 el testigo a su hijo, Santi N\u00fa\u00f1ez Famoso.","og_url":"https:\/\/elsterrers.com\/es\/quienes-somos\/","og_site_name":"Els Terrers","article_modified_time":"2025-08-05T14:41:42+00:00","og_image":[{"width":900,"height":900,"url":"https:\/\/elsterrers.com\/wp-content\/uploads\/2025\/08\/DSC_3617-1.jpg","type":"image\/jpeg"}],"twitter_card":"summary_large_image","twitter_misc":{"Tiempo de lectura":"2 minutos"},"schema":{"@context":"https:\/\/schema.org","@graph":[{"@type":"WebPage","@id":"https:\/\/elsterrers.com\/es\/quienes-somos\/","url":"https:\/\/elsterrers.com\/es\/quienes-somos\/","name":"Qui\u00e9nes somos - Els Terrers en Castell\u00f3 d'Emp\u00faries, Girona","isPartOf":{"@id":"https:\/\/elsterrers.com\/#website"},"primaryImageOfPage":{"@id":"https:\/\/elsterrers.com\/es\/quienes-somos\/#primaryimage"},"image":{"@id":"https:\/\/elsterrers.com\/es\/quienes-somos\/#primaryimage"},"thumbnailUrl":"https:\/\/elsterrers.com\/wp-content\/uploads\/2025\/08\/DSC_3617-1.jpg","datePublished":"2025-07-30T12:04:08+00:00","dateModified":"2025-08-05T14:41:42+00:00","description":"Els Terrers, somos un taller familiar, fundado por Santi N\u00fa\u00f1ez Rey, que pas\u00f3 el testigo a su hijo, Santi N\u00fa\u00f1ez Famoso.","breadcrumb":{"@id":"https:\/\/elsterrers.com\/es\/quienes-somos\/#breadcrumb"},"inLanguage":"es","potentialAction":[{"@type":"ReadAction","target":["https:\/\/elsterrers.com\/es\/quienes-somos\/"]}]},{"@type":"ImageObject","inLanguage":"es","@id":"https:\/\/elsterrers.com\/es\/quienes-somos\/#primaryimage","url":"https:\/\/elsterrers.com\/wp-content\/uploads\/2025\/08\/DSC_3617-1.jpg","contentUrl":"https:\/\/elsterrers.com\/wp-content\/uploads\/2025\/08\/DSC_3617-1.jpg"},{"@type":"BreadcrumbList","@id":"https:\/\/elsterrers.com\/es\/quienes-somos\/#breadcrumb","itemListElement":[{"@type":"ListItem","position":1,"name":"Inici","item":"https:\/\/elsterrers.com\/es\/inicio\/"},{"@type":"ListItem","position":2,"name":"Qui\u00e9nes Somos"}]},{"@type":"WebSite","@id":"https:\/\/elsterrers.com\/#website","url":"https:\/\/elsterrers.com\/","name":"Els Terrers","description":"Planchister\u00eda y Pintura en Castell\u00f3 d'Emp\u00faries","publisher":{"@id":"https:\/\/elsterrers.com\/#organization"},"potentialAction":[{"@type":"SearchAction","target":{"@type":"EntryPoint","urlTemplate":"https:\/\/elsterrers.com\/?s={search_term_string}"},"query-input":{"@type":"PropertyValueSpecification","valueRequired":true,"valueName":"search_term_string"}}],"inLanguage":"es"},{"@type":"Organization","@id":"https:\/\/elsterrers.com\/#organization","name":"Els Terrers","url":"https:\/\/elsterrers.com\/","logo":{"@type":"ImageObject","inLanguage":"es","@id":"https:\/\/elsterrers.com\/#\/schema\/logo\/image\/","url":"https:\/\/elsterrers.com\/wp-content\/uploads\/2025\/07\/LOGO.jpg","contentUrl":"https:\/\/elsterrers.com\/wp-content\/uploads\/2025\/07\/LOGO.jpg","width":637,"height":137,"caption":"Els Terrers"},"image":{"@id":"https:\/\/elsterrers.com\/#\/schema\/logo\/image\/"}}]}},"_links":{"self":[{"href":"https:\/\/elsterrers.com\/es\/wp-json\/wp\/v2\/pages\/890","targetHints":{"allow":["GET"]}}],"collection":[{"href":"https:\/\/elsterrers.com\/es\/wp-json\/wp\/v2\/pages"}],"about":[{"href":"https:\/\/elsterrers.com\/es\/wp-json\/wp\/v2\/types\/page"}],"author":[{"embeddable":true,"href":"https:\/\/elsterrers.com\/es\/wp-json\/wp\/v2\/users\/1"}],"replies":[{"embeddable":true,"href":"https:\/\/elsterrers.com\/es\/wp-json\/wp\/v2\/comments?post=890"}],"version-history":[{"count":1,"href":"https:\/\/elsterrers.com\/es\/wp-json\/wp\/v2\/pages\/890\/revisions"}],"predecessor-version":[{"id":891,"href":"https:\/\/elsterrers.com\/es\/wp-json\/wp\/v2\/pages\/890\/revisions\/891"}],"wp:attachment":[{"href":"https:\/\/elsterrers.com\/es\/wp-json\/wp\/v2\/media?parent=890"}],"curies":[{"name":"wp","href":"https:\/\/api.w.org\/{rel}","templated":true}]}}